{"id":381,"date":"2016-04-08T09:15:21","date_gmt":"2016-04-08T09:15:21","guid":{"rendered":"http:\/\/kienthucxaydung.vn\/thuvien\/?post_type=product&#038;p=381"},"modified":"2016-04-13T10:03:21","modified_gmt":"2016-04-13T10:03:21","slug":"thanh-vien-cap-1","status":"publish","type":"product","link":"https:\/\/kienthucxaydung.vn\/thuvien\/san-pham\/goi-thanh-vien\/thanh-vien-cap-1\/","title":{"rendered":"Thu\u00ea bao th\u00e1ng"},"content":{"rendered":"<p>Thu\u00ea bao th\u00e1ng<\/p>\n","protected":false},"excerpt":{"rendered":"<p>Thu\u00ea bao th\u00e1ng<\/p>\n","protected":false},"featured_media":720,"comment_status":"open","ping_status":"closed","template":"","meta":[],"_links":{"self":[{"href":"https:\/\/kienthucxaydung.vn\/thuvien\/wp-json\/wp\/v2\/product\/381"}],"collection":[{"href":"https:\/\/kienthucxaydung.vn\/thuvien\/wp-json\/wp\/v2\/product"}],"about":[{"href":"https:\/\/kienthucxaydung.vn\/thuvien\/wp-json\/wp\/v2\/types\/product"}],"replies":[{"embeddable":true,"href":"https:\/\/kienthucxaydung.vn\/thuvien\/wp-json\/wp\/v2\/comments?post=381"}],"wp:featuredmedia":[{"embeddable":true,"href":"https:\/\/kienthucxaydung.vn\/thuvien\/wp-json\/wp\/v2\/media\/720"}],"wp:attachment":[{"href":"https:\/\/kienthucxaydung.vn\/thuvien\/wp-json\/wp\/v2\/media?parent=381"}],"curies":[{"name":"wp","href":"https:\/\/api.w.org\/{rel}","templated":true}]}}