{"id":606,"date":"2016-04-12T11:10:52","date_gmt":"2016-04-12T11:10:52","guid":{"rendered":"http:\/\/kienthucxaydung.vn\/thuvien\/?page_id=606"},"modified":"2016-04-24T15:37:36","modified_gmt":"2016-04-24T08:37:36","slug":"huong-dan-khai-thac","status":"publish","type":"page","link":"https:\/\/kienthucxaydung.vn\/thuvien\/huong-dan-khai-thac\/","title":{"rendered":"H\u01b0\u1edbng d\u1eabn khai th\u00e1c"},"content":{"rendered":"<h2><strong>H\u01b0\u1edbng d\u1eabn khai th\u00e1c<\/strong><\/h2>\n<p><strong>T\u00ecm nhanh:<\/strong><\/p>\n<p>Nh\u1ea5n v\u00e0o bi\u1ec3u t\u01b0\u1ee3ng t\u00ecm nhanh g\u00f3c tr\u00ean b\u00ean ph\u1ea3i, sau \u0111\u00f3 nh\u1eadp v\u00e0o n\u1ed9i dung c\u1ea7n t\u00ecm<\/p>\n<p><img loading=\"lazy\" class=\"wp-image-1104 size-full aligncenter\" src=\"http:\/\/kienthucxaydung.vn\/thuvien\/wp-content\/uploads\/2016\/04\/Untitled-1.jpg\" alt=\"Untitled-1\" width=\"1000\" height=\"108\" srcset=\"https:\/\/kienthucxaydung.vn\/thuvien\/wp-content\/uploads\/2016\/04\/Untitled-1.jpg 1000w, https:\/\/kienthucxaydung.vn\/thuvien\/wp-content\/uploads\/2016\/04\/Untitled-1-300x32.jpg 300w, https:\/\/kienthucxaydung.vn\/thuvien\/wp-content\/uploads\/2016\/04\/Untitled-1-768x83.jpg 768w, https:\/\/kienthucxaydung.vn\/thuvien\/wp-content\/uploads\/2016\/04\/Untitled-1-510x55.jpg 510w\" sizes=\"(max-width: 1000px) 100vw, 1000px\" \/><\/p>\n\n\t\t\t<div class='et-tabs-container et_sliderfx_fade et_sliderauto_false et_sliderauto_speed_5000 et_slidertype_top_tabs'>\n\t\t\t\t<ul class='et-tabs-control'>\n\t\t\t<li><a href='#'>\n\t\t\t<strong>T\u00ecm V\u0103n b\u1ea3n ph\u00e1p lu\u1eadt<\/strong>\n\t\t<\/a><\/li>\n\n\t\t<li><a href='#'>\n\t\t\t<strong>T\u00ecm Ti\u00eau chu\u1ea9n -Qui chu\u1ea9n<\/strong>\n\t\t<\/a><\/li>\n\n\t\t<li><a href='#'>\n\t\t\t<strong>T\u00ecm S\u00e1ch &#8211; Gi\u00e1o tr\u00ecnh<\/strong>\n\t\t<\/a><\/li>\n\n\t\t<li><a href='#'>\n\t\t\t<strong>T\u00ecm T\u00e0i li\u1ec7u tham kh\u1ea3o<\/strong>\n\t\t<\/a><\/li>\n\t\t<\/ul> <!-- .et-tabs-control --><\/p>\n\n\t\t<div class='et-tabs-content'>\n\t\t\t<div class='et-tabs-content-main-wrap'>\n\t\t\t\t<div class='et-tabs-content-wrapper'>\n\t\t\t\t\t<div class='et_slidecontent'>\n\t\t\t<p><strong>T\u00ecm v\u0103n b\u1ea3n ph\u00e1p lu\u1eadt:<\/strong><\/p>\n<ul>\n<li>Nh\u1ea5n v\u00e0o Menu <a href=\"http:\/\/kienthucxaydung.vn\/thuvien\/van-ban-phap-luat\/\">V\u0102N B\u1ea2N PH\u00c1P LU\u1eacT<\/a><\/li>\n<li>Nh\u1eadp n\u1ed9i dung c\u1ea7n t\u00ecm v\u00e0o \u00f4 &#8220;T\u1eeb Kh\u00f3a&#8221;<\/li>\n<li>Nh\u1ea5n v\u00e0o &#8220;T\u00ecm ki\u1ebfm n\u00e2ng cao&#8221; n\u1ebfu mu\u1ed1n t\u00ecm ki\u1ebfm ch\u00ednh x\u00e1c, sau \u0111\u00f3 nh\u1eadp v\u00e0o c\u00e1c \u0111i\u1ec1u ki\u1ec7n c\u1ea7n t\u00ecm:<\/li>\n<\/ul>\n<p><img loading=\"lazy\" class=\"aligncenter wp-image-1105 size-full\" src=\"http:\/\/kienthucxaydung.vn\/thuvien\/wp-content\/uploads\/2016\/04\/vanban.jpg\" alt=\"vanban\" width=\"1000\" height=\"409\" srcset=\"https:\/\/kienthucxaydung.vn\/thuvien\/wp-content\/uploads\/2016\/04\/vanban.jpg 1000w, https:\/\/kienthucxaydung.vn\/thuvien\/wp-content\/uploads\/2016\/04\/vanban-300x123.jpg 300w, https:\/\/kienthucxaydung.vn\/thuvien\/wp-content\/uploads\/2016\/04\/vanban-768x314.jpg 768w, https:\/\/kienthucxaydung.vn\/thuvien\/wp-content\/uploads\/2016\/04\/vanban-510x209.jpg 510w\" sizes=\"(max-width: 1000px) 100vw, 1000px\" \/><\/p>\n<ul>\n<li>Sau \u0111\u00f3 nh\u1ea5n n\u00fat &#8220;T\u00ecm ki\u1ebfm&#8221; \u0111\u1ec3 t\u00ecm.<\/li>\n<\/ul>\n\t\t<\/div>\n\n\t\t<div class='et_slidecontent'>\n\t\t\t<p><strong>T\u00ecm Quy chu\u1ea9n &#8211; Ti\u00eau chu\u1ea9n:<\/strong><\/p>\n<ul>\n<li>Nh\u1ea5n v\u00e0o Menu\u00a0<a href=\"http:\/\/kienthucxaydung.vn\/thuvien\/tieu-chuan-quy-chuan\/\">TI\u00caU CHU\u1ea8N &#8211; QUI CHU\u1ea8N<\/a><\/li>\n<li>Nh\u1eadp n\u1ed9i dung c\u1ea7n t\u00ecm v\u00e0o \u00f4 &#8220;T\u1eeb Kh\u00f3a&#8221;<\/li>\n<li>Nh\u1ea5n v\u00e0o &#8220;T\u00ecm ki\u1ebfm n\u00e2ng cao&#8221; n\u1ebfu mu\u1ed1n t\u00ecm ki\u1ebfm ch\u00ednh x\u00e1c, sau \u0111\u00f3 nh\u1eadp v\u00e0o c\u00e1c \u0111i\u1ec1u ki\u1ec7n c\u1ea7n t\u00ecm:<\/li>\n<\/ul>\n<p><img loading=\"lazy\" class=\"wp-image-1107 size-full aligncenter\" src=\"http:\/\/kienthucxaydung.vn\/thuvien\/wp-content\/uploads\/2016\/04\/tieuchuan.jpg\" width=\"1000\" height=\"394\" srcset=\"https:\/\/kienthucxaydung.vn\/thuvien\/wp-content\/uploads\/2016\/04\/tieuchuan.jpg 1000w, https:\/\/kienthucxaydung.vn\/thuvien\/wp-content\/uploads\/2016\/04\/tieuchuan-300x118.jpg 300w, https:\/\/kienthucxaydung.vn\/thuvien\/wp-content\/uploads\/2016\/04\/tieuchuan-768x303.jpg 768w, https:\/\/kienthucxaydung.vn\/thuvien\/wp-content\/uploads\/2016\/04\/tieuchuan-510x201.jpg 510w\" sizes=\"(max-width: 1000px) 100vw, 1000px\" \/><\/p>\n<ul>\n<li>Sau \u0111\u00f3 nh\u1ea5n n\u00fat &#8220;T\u00ecm ki\u1ebfm&#8221; \u0111\u1ec3 t\u00ecm.<\/li>\n<\/ul>\n\t\t<\/div>\n\n\t\t<div class='et_slidecontent'>\n\t\t\t<p><strong>T\u00ecm S\u00e1ch &#8211; Gi\u00e1o tr\u00ecnh:<\/strong><\/p>\n<ul>\n<li>Nh\u1ea5n v\u00e0o Menu\u00a0<a href=\"http:\/\/kienthucxaydung.vn\/thuvien\/sach-giao-trinh\/\">S\u00c1CH &#8211; GI\u00c1O TR\u00ccNH<\/a><\/li>\n<li>Nh\u1eadp n\u1ed9i dung c\u1ea7n t\u00ecm v\u00e0o \u00f4 &#8220;T\u1eeb Kh\u00f3a&#8221;<\/li>\n<li>Nh\u1ea5n v\u00e0o &#8220;T\u00ecm ki\u1ebfm n\u00e2ng cao&#8221; n\u1ebfu mu\u1ed1n t\u00ecm ki\u1ebfm ch\u00ednh x\u00e1c, sau \u0111\u00f3 nh\u1eadp v\u00e0o c\u00e1c \u0111i\u1ec1u ki\u1ec7n c\u1ea7n t\u00ecm:<\/li>\n<\/ul>\n<p><img loading=\"lazy\" class=\"aligncenter wp-image-1110 size-full\" src=\"http:\/\/kienthucxaydung.vn\/thuvien\/wp-content\/uploads\/2016\/04\/sach.jpg\" width=\"1000\" height=\"351\" srcset=\"https:\/\/kienthucxaydung.vn\/thuvien\/wp-content\/uploads\/2016\/04\/sach.jpg 1000w, https:\/\/kienthucxaydung.vn\/thuvien\/wp-content\/uploads\/2016\/04\/sach-300x105.jpg 300w, https:\/\/kienthucxaydung.vn\/thuvien\/wp-content\/uploads\/2016\/04\/sach-768x270.jpg 768w, https:\/\/kienthucxaydung.vn\/thuvien\/wp-content\/uploads\/2016\/04\/sach-510x179.jpg 510w\" sizes=\"(max-width: 1000px) 100vw, 1000px\" \/><\/p>\n<ul>\n<li>Sau \u0111\u00f3 nh\u1ea5n n\u00fat &#8220;T\u00ecm ki\u1ebfm&#8221; \u0111\u1ec3 t\u00ecm.<\/li>\n<\/ul>\n\t\t<\/div>\n\n\t\t<div class='et_slidecontent'>\n\t\t\t<p><strong>T\u00ecm T\u00e0i li\u1ec7u tham kh\u1ea3o:<\/strong><\/p>\n<ul>\n<li>Nh\u1ea5n v\u00e0o Menu\u00a0<a href=\"http:\/\/kienthucxaydung.vn\/thuvien\/tai-lieu\/\">T\u00c0I LI\u1ec6U THAM KH\u1ea2O<\/a><\/li>\n<li>Nh\u1eadp n\u1ed9i dung c\u1ea7n t\u00ecm v\u00e0o \u00f4 &#8220;T\u1eeb Kh\u00f3a&#8221;<\/li>\n<li>Nh\u1ea5n v\u00e0o &#8220;T\u00ecm ki\u1ebfm n\u00e2ng cao&#8221; n\u1ebfu mu\u1ed1n t\u00ecm ki\u1ebfm ch\u00ednh x\u00e1c, sau \u0111\u00f3 nh\u1eadp v\u00e0o c\u00e1c \u0111i\u1ec1u ki\u1ec7n c\u1ea7n t\u00ecm:<\/li>\n<\/ul>\n<p><img loading=\"lazy\" class=\"aligncenter wp-image-1111 size-full\" src=\"http:\/\/kienthucxaydung.vn\/thuvien\/wp-content\/uploads\/2016\/04\/TAILIEU.jpg\" width=\"1000\" height=\"351\" srcset=\"https:\/\/kienthucxaydung.vn\/thuvien\/wp-content\/uploads\/2016\/04\/TAILIEU.jpg 1000w, https:\/\/kienthucxaydung.vn\/thuvien\/wp-content\/uploads\/2016\/04\/TAILIEU-300x105.jpg 300w, https:\/\/kienthucxaydung.vn\/thuvien\/wp-content\/uploads\/2016\/04\/TAILIEU-768x270.jpg 768w, https:\/\/kienthucxaydung.vn\/thuvien\/wp-content\/uploads\/2016\/04\/TAILIEU-510x179.jpg 510w\" sizes=\"(max-width: 1000px) 100vw, 1000px\" \/><\/p>\n<ul>\n<li>Sau \u0111\u00f3 nh\u1ea5n n\u00fat &#8220;T\u00ecm ki\u1ebfm&#8221; \u0111\u1ec3 t\u00ecm.<\/li>\n<\/ul>\n\t\t<\/div>\n\t\t\t\t<\/div>\n\t\t\t<\/div>\n\t\t<\/div>\n\t\t\t<\/div> <!-- .et-tabs-container -->\n<h3><span style=\"color: #ff0000;\"><strong>H\u01af\u1edaNG D\u1eaaN \u0110\u0102NG K\u00dd G\u00d3I TH\u00c0NH VI\u00caN<\/strong><\/span><\/h3>\n<p>\u0110\u1ec3 xem \u0111\u01b0\u1ee3c \u0111\u1ea7y \u0111\u1ee7 th\u00f4ng tin c\u1ee7a b\u1ea3n tin, ng\u01b0\u1eddi d\u00f9ng c\u1ea7p ph\u1ea3i \u0111\u0103ng k\u00fd m\u1ed9t trong ba g\u00f3i th\u00e0nh vi\u00ean: <a href=\"http:\/\/kienthucxaydung.vn\/thuvien\/san-pham\/goi-thanh-vien\/thanh-vien-co-ban\/\">THU\u00ca BAO TU\u1ea6N<\/a>, <a href=\"http:\/\/kienthucxaydung.vn\/thuvien\/san-pham\/goi-thanh-vien\/thanh-vien-cap-1\/\">THU\u00ca BAO\u00a0TH\u00c1NG<\/a>, <a href=\"http:\/\/kienthucxaydung.vn\/thuvien\/san-pham\/goi-thanh-vien\/thanh-vien-vip\/\">THU\u00ca BAO\u00a0N\u0102M<\/a><\/p>\n<p>Tr\u01b0\u1edbc ti\u00ean, b\u1ea1n ph\u1ea3i \u0111\u0103ng nh\u1eadp v\u00e0o h\u1ec7 th\u1ed1ng. N\u1ebfu b\u1ea1n ch\u01b0a \u0111\u0103ng k\u00fd, vui l\u00f2ng xem h\u01b0\u1edbng d\u1eabn<a href=\"http:\/\/kienthucxaydung.vn\/thuvien\/dang-ky-thanh-vien\/\"> t\u1ea1i \u0111\u00e2y<\/a>.<\/p>\n<p>C\u00e1c b\u1ea1n v\u00e0o Menu <a href=\"http:\/\/kienthucxaydung.vn\/thuvien\/sp\/goi-thanh-vien\/\">Ph\u00ed truy c\u1eadp<\/a>, ch\u1ecdn g\u00f3i thu\u00ea bao mu\u1ed1n \u0111\u0103ng k\u00fd -&gt; nh\u1ea5n v\u00e0o n\u00fat \u0110\u0102NG K\u00dd -&gt; XEM GI\u1ece H\u00c0NG -&gt; THANH TO\u00c1N<\/p>\n<p>B\u1ea1n cung c\u1ea5p c\u00e1c th\u00f4ng tin c\u1ea7n thi\u1ebft nh\u01b0 H\u1ecd t\u00ean, S\u1ed1 \u0111i\u1ec7n tho\u1ea1i,&#8230;<\/p>\n<p>Sau \u0111\u00f3 l\u1ef1a ch\u1ecdn ph\u01b0\u01a1ng th\u1ee9c thanh to\u00e1n (Qua c\u1ed5ng thanh to\u00e1n Ng\u00e2n L\u01b0\u1ee3ng, B\u1ea3o Kim, VTC,&#8230;)<\/p>\n<p>Nh\u1ea5n v\u00e0o n\u00fat \u0110\u0102NG K\u00dd \u0111\u1ec3 k\u1ebft th\u00fac thanh to\u00e1n<\/p>\n<p>&nbsp;<\/p>\n<p>&nbsp;<\/p>\n<p>&nbsp;<\/p>\n<p>&nbsp;<\/p>\n<p>&nbsp;<\/p>\n<p>&nbsp;<\/p>\n<p>&nbsp;<\/p>\n<p>&nbsp;<\/p>\n<p>&nbsp;<\/p>\n","protected":false},"excerpt":{"rendered":"<p>H\u01b0\u1edbng d\u1eabn khai th\u00e1c T\u00ecm nhanh: Nh\u1ea5n v\u00e0o bi\u1ec3u t\u01b0\u1ee3ng t\u00ecm nhanh g\u00f3c tr\u00ean b\u00ean ph\u1ea3i, sau \u0111\u00f3 nh\u1eadp v\u00e0o n\u1ed9i dung c\u1ea7n t\u00ecm H\u01af\u1edaNG D\u1eaaN \u0110\u0102NG K\u00dd G\u00d3I TH\u00c0NH VI\u00caN \u0110\u1ec3 xem \u0111\u01b0\u1ee3c \u0111\u1ea7y \u0111\u1ee7 th\u00f4ng tin c\u1ee7a b\u1ea3n tin, ng\u01b0\u1eddi d\u00f9ng c\u1ea7p ph\u1ea3i \u0111\u0103ng k\u00fd m\u1ed9t trong ba g\u00f3i th\u00e0nh vi\u00ean: THU\u00ca BAO [&hellip;]<\/p>\n","protected":false},"author":1,"featured_media":0,"parent":0,"menu_order":0,"comment_status":"closed","ping_status":"closed","template":"","meta":[],"_links":{"self":[{"href":"https:\/\/kienthucxaydung.vn\/thuvien\/wp-json\/wp\/v2\/pages\/606"}],"collection":[{"href":"https:\/\/kienthucxaydung.vn\/thuvien\/wp-json\/wp\/v2\/pages"}],"about":[{"href":"https:\/\/kienthucxaydung.vn\/thuvien\/wp-json\/wp\/v2\/types\/page"}],"author":[{"embeddable":true,"href":"https:\/\/kienthucxaydung.vn\/thuvien\/wp-json\/wp\/v2\/users\/1"}],"replies":[{"embeddable":true,"href":"https:\/\/kienthucxaydung.vn\/thuvien\/wp-json\/wp\/v2\/comments?post=606"}],"version-history":[{"count":11,"href":"https:\/\/kienthucxaydung.vn\/thuvien\/wp-json\/wp\/v2\/pages\/606\/revisions"}],"predecessor-version":[{"id":1117,"href":"https:\/\/kienthucxaydung.vn\/thuvien\/wp-json\/wp\/v2\/pages\/606\/revisions\/1117"}],"wp:attachment":[{"href":"https:\/\/kienthucxaydung.vn\/thuvien\/wp-json\/wp\/v2\/media?parent=606"}],"curies":[{"name":"wp","href":"https:\/\/api.w.org\/{rel}","templated":true}]}}