{"id":394,"date":"2016-04-09T01:22:36","date_gmt":"2016-04-09T01:22:36","guid":{"rendered":"http:\/\/kienthucxaydung.vn\/thuvien\/?page_id=394"},"modified":"2016-05-07T09:31:40","modified_gmt":"2016-05-07T02:31:40","slug":"gioi-thieu","status":"publish","type":"page","link":"https:\/\/kienthucxaydung.vn\/thuvien\/gioi-thieu\/","title":{"rendered":"Gi\u1edbi thi\u1ec7u"},"content":{"rendered":"<p style=\"text-align: justify;\">Th\u01b0 vi\u1ec7n X\u00e2y D\u1ef1ng tr\u1ef1c tuy\u1ebfn c\u1ee7a <strong><a href=\"http:\/\/congdongxaydung.vn\">C\u1ed9ng \u0110\u1ed3ng X\u00e2y D\u1ef1ng<\/a><\/strong>\u00a0s\u1ed1 h\u00f3a v\u00e0 l\u01b0u tr\u1eef tr\u1ef1c tuy\u1ebfn ch\u1ecdn l\u1ecdc\u00a0c\u00e1c V\u0103n B\u1ea3n Ph\u00e1p Lu\u1eadt, Ti\u00eau Chu\u1ea9n Quy Chu\u1ea9n, S\u00e1ch &#8211; Gi\u00e1o Tr\u00ecnh v\u00e0 T\u00e0i Li\u1ec7u Tham Kh\u1ea3o chuy\u00ean ngh\u00e0nh x\u00e2y d\u1ef1ng nh\u1eb1m h\u1ed7 tr\u1ee3 nh\u1eefng ng\u01b0\u1eddi d\u00f9ng c\u00f3 nhu c\u1ea7u \u0111\u1ecdc v\u0103n b\u1ea3n\u00a0Microsoft Word &amp;\u00a0Adobe Portable Document Format tr\u1ef1c tuy\u1ebfn c\u00f9ng v\u1edbi\u00a0<a href=\"http:\/\/kienthucxaydung.vn\/thuvien\/huong-dan-dang-tin\/\">c\u00e1c thu\u1ed9c t\u00ednh kh\u00e1c c\u1ee7a t\u00e0i li\u1ec7u<\/a>.<\/p>\n<p style=\"text-align: justify;\">\n<p style=\"text-align: justify;\">Th\u01b0 Vi\u1ec7n X\u00e2y D\u1ef1ng ch\u1ec9 ch\u1ecdn l\u1ecdc l\u01b0u tr\u1eef t\u00e0i li\u1ec7u tr\u1ef1c tuy\u1ebfn c\u00e1c c\u01a1 s\u1edf d\u1eef li\u1ec7u chuy\u00ean ng\u00e0nh ph\u00f9 h\u1ee3p d\u1ef1a tr\u00ean s\u1ef1 h\u1ed7 tr\u1ee3 c\u1ee7a c\u00e1c <a href=\"http:\/\/kienthucxaydung.vn\/thuvien\/dang-ky-nhom-dang-tin\/\">th\u00e0nh vi\u00ean t\u00ecnh nguy\u1ec7n<\/a>, kh\u00f4ng ph\u1ea3i n\u01a1i cung c\u1ea5p d\u1ecbch v\u1ee5 tra c\u1ee9u t\u1ea5t c\u1ea3 c\u00e1c lo\u1ea1i V\u0103n B\u1ea3n Ph\u00e1p Lu\u1eadt v\u00e0 Ti\u00eau Chu\u1ea9n Quy Chu\u1ea9n nh\u01b0 <a href=\"http:\/\/thuvienphapluat.vn\/\">Th\u01b0 Vi\u1ec7n Ph\u00e1p Lu\u1eadt<\/a>.\u00a0L\u01b0u tr\u1eef t\u00e0i li\u1ec7u tr\u1ef1c tuy\u1ebfn cung c\u1ea5p cho ng\u01b0\u1eddi d\u00f9ng truy c\u1eadp b\u1ea5t c\u1ee9 n\u01a1i n\u00e0o, tr\u00ean nhi\u1ec1u thi\u1ebft b\u1ecb. T\u00e0i li\u1ec7u tr\u1ef1c tuy\u1ebfn c\u0169ng d\u1ec5 d\u00e0ng h\u01a1n \u0111\u1ec3 chia s\u1ebb b\u1edfi v\u00ec c\u00f3 th\u1ec3 li\u00ean k\u1ebft v\u1edbi ng\u01b0\u1eddi c\u1ea7n chia s\u1ebb\u00a0thay v\u00ec g\u1eedi file \u0111\u00ednh k\u00e8m email.<\/p>\n<p style=\"text-align: justify;\">\n<p style=\"text-align: justify;\">Th\u01b0 vi\u1ec7n X\u00e2y D\u1ef1ng ho\u1ea1t \u0111\u1ed9ng kh\u00f4ng v\u00ec l\u1ee3i nhu\u1eadn. Ph\u00ed truy c\u1eadp thu c\u1ee7a ng\u01b0\u1eddi d\u00f9ng \u0111\u01b0\u1ee3c s\u1eed d\u1ee5ng \u0111\u1ec3 duy tr\u00ec h\u1ec7 th\u1ed1ng thi\u1ebft b\u1ecb k\u1ef9 thu\u1eadt, mua b\u1ea3n quy\u1ec1n \u00a0v\u00e0 \u00a0h\u1ed7 tr\u1ee3 c\u00e1c t\u00ecnh nguy\u1ec7n vi\u00ean \u0111\u0103ng tin.\u00a0R\u1ea5t mong \u0111\u01b0\u1ee3c s\u1ef1 \u1ee7ng h\u1ed9 c\u1ee7a c\u00e1c t\u00ecnh nguy\u1ec7n vi\u00ean. C\u00e1c th\u00e0nh vi\u00ean cho t\u1eb7ng ho\u1eb7c b\u00e1n c\u00e1c t\u00e0i li\u1ec7u s\u1ed1 vui l\u00f2ng li\u00ean h\u1ec7 \u0111\u1ecba ch\u1ec9 email: congdongxaydung.vn@gmail.com.<\/p>\n<p style=\"text-align: justify;\">\n<p style=\"text-align: justify;\">C\u00e1c th\u00e0nh vi\u00ean c\u1ea7n\u00a0th\u1ea3o lu\u1eadn v\u00e0 chia s\u1ebb c\u00f3 th\u1ec3 ch\u1ecdn <a href=\"http:\/\/congdongxaydung.vn\/forum\/\">Di\u1ec5n \u0110\u00e0n<\/a> ho\u1eb7c <a href=\"http:\/\/congdongxaydung.vn\/home\/\">M\u1ea1ng K\u1ebft N\u1ed1i<\/a>\u00a0ho\u1eb7c c\u00e1c\u00a0li\u00ean k\u1ebft t\u1ea1i c\u00e1c m\u1ea1ng x\u00e3 h\u1ed9i <a href=\"https:\/\/www.facebook.com\/congdonghoatdongxaydung\">Facebook<\/a>, <a href=\"https:\/\/plus.google.com\/+congdongxaydungvietnam\">Google+<\/a>\u00a0.<\/p>\n<p style=\"text-align: justify;\">\n<p style=\"text-align: justify;\">Th\u01b0 Vi\u1ec7n X\u00e2y D\u1ef1ng tr\u1ef1c tuy\u1ebfn ph\u00e1t tri\u1ec3n d\u1ef1a tr\u00ean s\u1ef1 \u0111\u00f3ng g\u00f3p c\u1ee7a c\u00e1c <strong><a href=\"http:\/\/kienthucxaydung.vn\/thuvien\/dang-ky-nhom-dang-tin\/\">th\u00e0nh vi\u00ean t\u00ecnh nguy\u1ec7n<\/a><\/strong>, kh\u00f4ng th\u1ec3 tr\u00e1nh kh\u1ecfi thi\u1ebfu s\u00f3t n\u1ed9i dung hay l\u1ed7i ch\u00ednh t\u1ea3 so v\u1edbi file \u0111\u00ednh k\u00e8m c\u0169ng nh\u01b0 vi ph\u1ea1m b\u1ea3n quy\u1ec1n, r\u1ea5t mong nh\u1eadn \u0111\u01b0\u1ee3c ph\u1ea3n h\u1ed3i s\u1edbm c\u1ee7a ng\u01b0\u1eddi d\u00f9ng.\u00a0M\u1ecdi ph\u1ea3n h\u1ed3i v\u1ec1 chuy\u00ean trang Th\u01b0 Vi\u1ec7n X\u00e2y D\u1ef1ng vui l\u00f2ng ph\u1ea3n h\u1ed3i t\u1ea1i <strong><a href=\"http:\/\/congdongxaydung.vn\/forum\/social-groups\">T\u01b0\u01a1ng T\u00e1c<\/a>\u00a0<\/strong>tr\u00ean Di\u1ec5n \u0110\u00e0n.<\/p>\n<p style=\"text-align: justify;\">\n<p style=\"text-align: justify;\">Tr\u00e2n Tr\u1ecdng!<\/p>\n<p style=\"text-align: justify;\">Ban Qu\u1ea3n Tr\u1ecb C\u1ed9ng \u0110\u1ed3ng X\u00e2y D\u1ef1ng<\/p>\n","protected":false},"excerpt":{"rendered":"<p>Th\u01b0 vi\u1ec7n X\u00e2y D\u1ef1ng tr\u1ef1c tuy\u1ebfn c\u1ee7a C\u1ed9ng \u0110\u1ed3ng X\u00e2y D\u1ef1ng\u00a0s\u1ed1 h\u00f3a v\u00e0 l\u01b0u tr\u1eef tr\u1ef1c tuy\u1ebfn ch\u1ecdn l\u1ecdc\u00a0c\u00e1c V\u0103n B\u1ea3n Ph\u00e1p Lu\u1eadt, Ti\u00eau Chu\u1ea9n Quy Chu\u1ea9n, S\u00e1ch &#8211; Gi\u00e1o Tr\u00ecnh v\u00e0 T\u00e0i Li\u1ec7u Tham Kh\u1ea3o chuy\u00ean ngh\u00e0nh x\u00e2y d\u1ef1ng nh\u1eb1m h\u1ed7 tr\u1ee3 nh\u1eefng ng\u01b0\u1eddi d\u00f9ng c\u00f3 nhu c\u1ea7u \u0111\u1ecdc v\u0103n b\u1ea3n\u00a0Microsoft Word &amp;\u00a0Adobe Portable [&hellip;]<\/p>\n","protected":false},"author":1,"featured_media":0,"parent":0,"menu_order":0,"comment_status":"closed","ping_status":"closed","template":"","meta":[],"_links":{"self":[{"href":"https:\/\/kienthucxaydung.vn\/thuvien\/wp-json\/wp\/v2\/pages\/394"}],"collection":[{"href":"https:\/\/kienthucxaydung.vn\/thuvien\/wp-json\/wp\/v2\/pages"}],"about":[{"href":"https:\/\/kienthucxaydung.vn\/thuvien\/wp-json\/wp\/v2\/types\/page"}],"author":[{"embeddable":true,"href":"https:\/\/kienthucxaydung.vn\/thuvien\/wp-json\/wp\/v2\/users\/1"}],"replies":[{"embeddable":true,"href":"https:\/\/kienthucxaydung.vn\/thuvien\/wp-json\/wp\/v2\/comments?post=394"}],"version-history":[{"count":55,"href":"https:\/\/kienthucxaydung.vn\/thuvien\/wp-json\/wp\/v2\/pages\/394\/revisions"}],"predecessor-version":[{"id":1264,"href":"https:\/\/kienthucxaydung.vn\/thuvien\/wp-json\/wp\/v2\/pages\/394\/revisions\/1264"}],"wp:attachment":[{"href":"https:\/\/kienthucxaydung.vn\/thuvien\/wp-json\/wp\/v2\/media?parent=394"}],"curies":[{"name":"wp","href":"https:\/\/api.w.org\/{rel}","templated":true}]}}