{"id":311,"date":"2016-04-08T01:54:56","date_gmt":"2016-04-08T01:54:56","guid":{"rendered":"http:\/\/kienthucxaydung.vn\/thuvien\/?page_id=311"},"modified":"2016-04-08T03:14:47","modified_gmt":"2016-04-08T03:14:47","slug":"tai-lieu","status":"publish","type":"page","link":"https:\/\/kienthucxaydung.vn\/thuvien\/tai-lieu\/","title":{"rendered":"T\u00e0i li\u1ec7u tham kh\u1ea3o"},"content":{"rendered":"<script language=\"javascript\"> \nfunction toggle() {\n\tvar ele = document.getElementById(\"toggleText\");\n\tvar text = document.getElementById(\"displayText\");\n\tif(ele.style.display == \"inline-block\") {\n    \t\tele.style.display = \"none\";\n\t\ttext.innerHTML = \"T\u00ecm ki\u1ebfm n\u00e2ng cao\";\n  \t}\n\telse {\n\t\tele.style.display = \"inline-block\";\n\t\ttext.innerHTML = \"\u1ea8n\";\n\t}\n} \n<\/script>\n\n<form autocomplete=\"off\" name=\"wpv-filter-301-TCPID311\" action=\"https:\/\/kienthucxaydung.vn\/thuvien\/tai-lieu\/\" method=\"get\" class=\"wpv-filter-form js-wpv-filter-form js-wpv-filter-form-301-TCPID311 js-wpv-form-full js-wpv-dps-enabled js-wpv-ajax-results-enabled\" data-viewnumber=\"301-TCPID311\" data-viewid=\"301\" data-viewhash=\"eyJuYW1lIjoidGFpLWxpZXUifQ==\" data-viewwidgetid=\"0\" data-orderby=\"field-wpcf-nam\" data-order=\"desc\"><input type=\"hidden\" class=\"js-wpv-dps-filter-data js-wpv-filter-data-for-this-form\" data-action=\"https:\/\/kienthucxaydung.vn\/thuvien\/tai-lieu\/\" data-page=\"1\" data-ajax=\"enable\" data-effect=\"fade\" data-maxpages=\"1\" data-ajaxprebefore=\"\" data-ajaxbefore=\"\" data-ajaxafter=\"\" \/><input class=\"wpv_view_count wpv_view_count-301-TCPID311\" type=\"hidden\" name=\"wpv_view_count\" value=\"301-TCPID311\" \/><input class=\"wpv_aux_current_post_id wpv_aux_current_post_id-301-TCPID311\" type=\"hidden\" name=\"wpv_aux_current_post_id\" value=\"311\" class=\"js-wpv-keep-on-clear\" \/>\n\n<div style=\"width:100%;background: azure;padding:10px;\">\n<div class=\"keyword\">\n<label>T\u1eeb kh\u00f3a: <\/label><input type=\"text\" name=\"wpv_post_search\"  class=\"js-wpv-filter-trigger-delayed\" \/><\/div>\n\n<div class=\"abc\" id=\"toggleText\" style=\"display: none\">    \n <ul>\n<li><label>Lo\u1ea1i: <\/label>\t\t<select name=\"wpv-loai-tai-lieu\" class=\"js-wpv-filter-trigger\"><option selected='selected' value=\"0\"><\/option><option value=\"luan-van-bao-cao\">Lu\u1eadn V\u0103n - B\u00e1o C\u00e1o<\/option>\n<option value=\"tai-lieu-khac\">T\u00e0i Li\u1ec7u kh\u00e1c<\/option>\n<\/select>\t\t\n    <\/li>\n<li><label>L\u0129nh v\u1ef1c: <\/label>\t\t<select name=\"wpv-linh-vuc-tai-lieu\" class=\"js-wpv-filter-trigger\"><option selected='selected' value=\"0\"><\/option><option value=\"khoa-hoc\">Khoa H\u1ecdc<\/option>\n<option value=\"thi-cong\">Thi C\u00f4ng<\/option>\n<option value=\"thiet-ke\">Thi\u1ebft K\u1ebf<\/option>\n<\/select>\t\t\n    <\/li>\n   <li><label>N\u0103m: <\/label> \r\n<input type=\"text\" id=\"wpv_control_textfield_nam\" name=\"nam\" value=\"\" style=\"\" class=\"js-wpv-filter-trigger-delayed  wpcf-form-textfield form-textfield textfield\" \/>\r\n<\/li>\n\n <\/ul>\n <\/div>\n  \n<div class=\"clear\"><\/div>\n<div><a id=\"displayText\" href=\"javascript:toggle();\">T\u00ecm ki\u1ebfm n\u00e2ng cao<\/a><br>\n  <button type=\"submit\" class=\"button js-wpv-submit-trigger\" >T\u00ecm ki\u1ebfm<\/button>\n<\/div><\/div>\n\nTrang:  \n<\/form>\n\n<div id=\"wpv-view-layout-301-TCPID311\" class=\"js-wpv-view-layout js-wpv-layout-responsive\" data-viewnumber=\"301-TCPID311\" data-pagination=\"{&quot;ajax&quot;:&quot;false&quot;,&quot;effect&quot;:&quot;fade&quot;,&quot;duration&quot;:500,&quot;stop_rollover&quot;:&quot;false&quot;,&quot;cache_pages&quot;:&quot;1&quot;,&quot;preload_pages&quot;:&quot;1&quot;,&quot;pre_reach&quot;:&quot;1&quot;,&quot;spinner&quot;:&quot;default&quot;,&quot;spinner_image&quot;:&quot;https:\/\/kienthucxaydung.vn\/thuvien\/wp-content\/plugins\/wp-views\/embedded\/res\/img\/ajax-loader.gif&quot;,&quot;callback_next&quot;:&quot;&quot;,&quot;manage_history&quot;:&quot;on&quot;,&quot;has_controls_in_form&quot;:&quot;on&quot;,&quot;tolerance&quot;:&quot;0&quot;,&quot;max_pages&quot;:1,&quot;page&quot;:1}\" data-pagepermalink=\"\/thuvien\/wp-json\/wp\/v2\/pages\/311?wpv_view_count=301-TCPID311\">\n\n\t\n\t\n\t<ul class=\"wpv-loop js-wpv-loop\">\n\t\t\n\t\t\t<li><div class=\"content-0\">\n   <div class=\"left-col\">\n        <div class=\"nq\">\n         <h4 class=\"nqTitle\"><a href=\"https:\/\/kienthucxaydung.vn\/thuvien\/tai-lieu-tham-khao\/quy-trinh-tinh-toan-va-thiet-ke-mong-coc-tram-du-thao\/\">Quy tr\u00ecnh t\u00ednh to\u00e1n v\u00e0 thi\u1ebft k\u1ebf m\u00f3ng c\u1ecdc tr\u00e0m ( D\u1ef1 th\u1ea3o )<\/a><\/h4>\n          <p class=\"links-bot\">\n           <span style=\"color: #000\">L\u0129nh v\u1ef1c: <\/span><a href=\"https:\/\/kienthucxaydung.vn\/thuvien\/linh-vuc-tai-lieu\/khoa-hoc\/\">Khoa H\u1ecdc<\/a>, <a href=\"https:\/\/kienthucxaydung.vn\/thuvien\/linh-vuc-tai-lieu\/thi-cong\/\">Thi C\u00f4ng<\/a>, <a href=\"https:\/\/kienthucxaydung.vn\/thuvien\/linh-vuc-tai-lieu\/thiet-ke\/\">Thi\u1ebft K\u1ebf<\/a>\n                        \n                       \n                        \n                    <\/p>\n        <\/div>\n   <\/div>\n   <div class=\"right-col\">\n         <p><span style=\"color: #000\">Ph\u00e1t h\u00e0nh: <\/span>2016<\/p>\n         <p><span style=\"color:#000\">Lo\u1ea1i: <\/span><a href=\"https:\/\/kienthucxaydung.vn\/thuvien\/loai-tai-lieu\/tai-lieu-khac\/\">T\u00e0i Li\u1ec7u kh\u00e1c<\/a><\/p>\n                \n    <\/div>\n<\/div><\/li>\n\t\t\n\t\t\t<li><div class=\"content-0\">\n   <div class=\"left-col\">\n        <div class=\"nq\">\n         <h4 class=\"nqTitle\"><a href=\"https:\/\/kienthucxaydung.vn\/thuvien\/tai-lieu-tham-khao\/mot-so-van-de-trong-tinh-toan-suc-chiu-tai-coc-dong-theo-tieu-chuan-22tcn-272-05\/\">M\u1ed9t s\u1ed1 v\u1ea5n \u0111\u1ec1 trong t\u00ednh to\u00e1n s\u1ee9c ch\u1ecbu t\u1ea3i c\u1ecdc \u0111\u00f3ng theo Ti\u00eau chu\u1ea9n 22TCN 272-05<\/a><\/h4>\n          <p class=\"links-bot\">\n           <span style=\"color: #000\">L\u0129nh v\u1ef1c: <\/span><a href=\"https:\/\/kienthucxaydung.vn\/thuvien\/linh-vuc-tai-lieu\/thiet-ke\/\">Thi\u1ebft K\u1ebf<\/a>\n                        \n                       \n                        \n                    <\/p>\n        <\/div>\n   <\/div>\n   <div class=\"right-col\">\n         <p><span style=\"color: #000\">Ph\u00e1t h\u00e0nh: <\/span>2015<\/p>\n         <p><span style=\"color:#000\">Lo\u1ea1i: <\/span><a href=\"https:\/\/kienthucxaydung.vn\/thuvien\/loai-tai-lieu\/luan-van-bao-cao\/\">Lu\u1eadn V\u0103n - B\u00e1o C\u00e1o<\/a><\/p>\n                \n    <\/div>\n<\/div><\/li>\n\t\t\n\t<\/ul>\n\t\n\t\n\t\n<\/div>\n\n","protected":false},"excerpt":{"rendered":"","protected":false},"author":1,"featured_media":0,"parent":0,"menu_order":0,"comment_status":"closed","ping_status":"closed","template":"","meta":[],"_links":{"self":[{"href":"https:\/\/kienthucxaydung.vn\/thuvien\/wp-json\/wp\/v2\/pages\/311"}],"collection":[{"href":"https:\/\/kienthucxaydung.vn\/thuvien\/wp-json\/wp\/v2\/pages"}],"about":[{"href":"https:\/\/kienthucxaydung.vn\/thuvien\/wp-json\/wp\/v2\/types\/page"}],"author":[{"embeddable":true,"href":"https:\/\/kienthucxaydung.vn\/thuvien\/wp-json\/wp\/v2\/users\/1"}],"replies":[{"embeddable":true,"href":"https:\/\/kienthucxaydung.vn\/thuvien\/wp-json\/wp\/v2\/comments?post=311"}],"version-history":[{"count":2,"href":"https:\/\/kienthucxaydung.vn\/thuvien\/wp-json\/wp\/v2\/pages\/311\/revisions"}],"predecessor-version":[{"id":317,"href":"https:\/\/kienthucxaydung.vn\/thuvien\/wp-json\/wp\/v2\/pages\/311\/revisions\/317"}],"wp:attachment":[{"href":"https:\/\/kienthucxaydung.vn\/thuvien\/wp-json\/wp\/v2\/media?parent=311"}],"curies":[{"name":"wp","href":"https:\/\/api.w.org\/{rel}","templated":true}]}}