{"id":29,"date":"2016-04-02T03:29:02","date_gmt":"2016-04-02T03:29:02","guid":{"rendered":"http:\/\/kienthucxaydung.vn\/thuvien\/?page_id=29"},"modified":"2016-04-08T02:00:44","modified_gmt":"2016-04-08T02:00:44","slug":"van-ban-phap-luat","status":"publish","type":"page","link":"https:\/\/kienthucxaydung.vn\/thuvien\/van-ban-phap-luat\/","title":{"rendered":"V\u0103n B\u1ea3n Ph\u00e1p Lu\u1eadt"},"content":{"rendered":"<script language=\"javascript\"> \nfunction toggle() {\n\tvar ele = document.getElementById(\"toggleText\");\n\tvar text = document.getElementById(\"displayText\");\n\tif(ele.style.display == \"inline-block\") {\n    \t\tele.style.display = \"none\";\n\t\ttext.innerHTML = \"T\u00ecm ki\u1ebfm n\u00e2ng cao\";\n  \t}\n\telse {\n\t\tele.style.display = \"inline-block\";\n\t\ttext.innerHTML = \"\u1ea8n\";\n\t}\n} \n<\/script>\n\n<form autocomplete=\"off\" name=\"wpv-filter-25-TCPID29\" action=\"https:\/\/kienthucxaydung.vn\/thuvien\/van-ban-phap-luat\/\" method=\"get\" class=\"wpv-filter-form js-wpv-filter-form js-wpv-filter-form-25-TCPID29 js-wpv-form-full js-wpv-dps-enabled js-wpv-ajax-results-enabled\" data-viewnumber=\"25-TCPID29\" data-viewid=\"25\" data-viewhash=\"eyJuYW1lIjoic2VhcmNoIn0=\" data-viewwidgetid=\"0\" data-orderby=\"field-wpcf-ngay-ban-hanh\" data-order=\"desc\"><input type=\"hidden\" class=\"js-wpv-dps-filter-data js-wpv-filter-data-for-this-form\" data-action=\"https:\/\/kienthucxaydung.vn\/thuvien\/van-ban-phap-luat\/\" data-page=\"1\" data-ajax=\"enable\" data-effect=\"fade\" data-maxpages=\"1\" data-ajaxprebefore=\"\" data-ajaxbefore=\"\" data-ajaxafter=\"\" \/><input class=\"wpv_view_count wpv_view_count-25-TCPID29\" type=\"hidden\" name=\"wpv_view_count\" value=\"25-TCPID29\" \/><input class=\"wpv_aux_current_post_id wpv_aux_current_post_id-25-TCPID29\" type=\"hidden\" name=\"wpv_aux_current_post_id\" value=\"29\" class=\"js-wpv-keep-on-clear\" \/>\n\n<div style=\"width:100%;background: azure;padding:10px;\">\n<div class=\"keyword\">\n<label>T\u1eeb kh\u00f3a: <\/label><input type=\"text\" name=\"wpv_post_search\"  class=\"js-wpv-filter-trigger-delayed\" \/><\/div>\n\n<div class=\"abc\" id=\"toggleText\" style=\"display: none\">                                                            <ul>\n   <li><label>Danh m\u1ee5c:<\/label> \t\t<select name=\"wpv-danh-muc\" class=\"js-wpv-filter-trigger\"><option selected='selected' value=\"0\"><\/option><option value=\"luat-phap-lenh\">Lu\u1eadt - Ph\u00e1p l\u1ec7nh<\/option>\n<option value=\"nghi-dinh\">Ngh\u1ecb \u0110\u1ecbnh<\/option>\n<option value=\"thong-tu\">Th\u00f4ng T\u01b0<\/option>\n<\/select>\t\t\n    <\/li>\n  <li> <label>C\u00e1c l\u0129nh v\u1ef1c: <\/label>\t\t<select name=\"wpv-linh-vuc\" class=\"js-wpv-filter-trigger\"><option selected='selected' value=\"0\"><\/option><option value=\"dat-dai-nha-o\">\u0110\u1ea5t \u0111ai - Nh\u00e0 \u1edf<\/option>\n<option value=\"giao-thong-van-tai\">Giao th\u00f4ng v\u1eadn t\u1ea3i<\/option>\n<option value=\"ha-tang-do-thi\">H\u1ea1 t\u1ea7ng \u0111\u00f4 th\u1ecb<\/option>\n<option value=\"hoat-dong-xay-dung\">Ho\u1ea1t \u0111\u1ed9ng x\u00e2y d\u1ef1ng<\/option>\n<option value=\"ke-hoach-dau-tu\">K\u1ebf ho\u1ea1ch - \u0110\u1ea7u t\u01b0<\/option>\n<option value=\"quy-chuan-tieu-chuan\">Quy chu\u1ea9n - Ti\u00eau chu\u1ea9n<\/option>\n<option value=\"tai-chinh-ngan-hang\">T\u00e0i ch\u00ednh - Ng\u00e2n h\u00e0ng<\/option>\n<option value=\"to-chuc-doanh-nghiep\">T\u1ed5 ch\u1ee9c - Doanh nghi\u1ec7p<\/option>\n<option value=\"vat-lieu-xay-dung\">V\u1eadt li\u1ec7u x\u00e2y d\u1ef1ng<\/option>\n<option value=\"xay-dung-dan-dung\">X\u00e2y d\u1ef1ng d\u00e2n d\u1ee5ng<\/option>\n<\/select>\t\t\n    <\/li>\n    <li><label>T\u1eeb kh\u00f3a: <\/label><input type=\"text\" name=\"wpv_post_search\"  class=\"js-wpv-filter-trigger-delayed\" \/><\/li>\n   <li><label>S\u1ed1 hi\u1ec7u: <\/label>\r\n<input type=\"text\" id=\"wpv_control_textfield_so-hieu\" name=\"so-hieu\" value=\"\" style=\"\" class=\"js-wpv-filter-trigger-delayed  wpcf-form-textfield form-textfield textfield\" \/>\r\n<\/li>\n   <li><label>N\u01a1i ban h\u00e0nh: <\/label>\r\n<input type=\"text\" id=\"wpv_control_textfield_noi-ban-hanh\" name=\"noi-ban-hanh\" value=\"\" style=\"\" class=\"js-wpv-filter-trigger-delayed  wpcf-form-textfield form-textfield textfield\" \/>\r\n<\/li>\n  <li><label>Ng\u00e0y ban h\u00e0nh: <\/label> <span class=\"wpv_date_input js-wpv-date-param-ngay-ban-hanh-van-ban js-wpv-date-display\" data-param=\"ngay-ban-hanh-van-ban\"><\/span> <input type=\"hidden\" class=\"js-wpv-date-param-ngay-ban-hanh-van-ban-value js-wpv-filter-trigger\" name=\"ngay-ban-hanh-van-ban\" value=\"\" \/><input type=\"hidden\" class=\"js-wpv-date-param-ngay-ban-hanh-van-ban-format\" name=\"ngay-ban-hanh-van-ban-format\" value=\"d\/m\/Y\" \/><input type=\"hidden\" data-param=\"ngay-ban-hanh-van-ban\" class=\"wpv-date-front-end js-wpv-frontend-datepicker js-wpv-date-front-end-ngay-ban-hanh-van-ban\" value=\"\"\/><img src=\"https:\/\/kienthucxaydung.vn\/thuvien\/wp-content\/plugins\/wp-views\/embedded\/res\/img\/delete.png\" title=\"Clear date\" alt=\"Clear date\" class=\"wpv-date-front-end-clear js-wpv-date-front-end-clear js-wpv-date-front-end-clear-ngay-ban-hanh-van-ban\" data-param=\"ngay-ban-hanh-van-ban\" style=\"display:none\" \/><\/li>\n  <\/ul>\n<\/div>\n<div class=\"clear\"><\/div>\n<div><a id=\"displayText\" href=\"javascript:toggle();\">T\u00ecm ki\u1ebfm n\u00e2ng cao<\/a><br>\n  <button type=\"submit\" class=\"button js-wpv-submit-trigger\" >T\u00ecm ki\u1ebfm<\/button>\n<\/div><\/div>\n\nTrang:  \n<\/form>\n\n\n<div id=\"wpv-view-layout-25-TCPID29\" class=\"js-wpv-view-layout js-wpv-layout-responsive\" data-viewnumber=\"25-TCPID29\" data-pagination=\"{&quot;ajax&quot;:&quot;false&quot;,&quot;effect&quot;:&quot;fade&quot;,&quot;duration&quot;:500,&quot;stop_rollover&quot;:&quot;false&quot;,&quot;cache_pages&quot;:&quot;1&quot;,&quot;preload_pages&quot;:&quot;1&quot;,&quot;pre_reach&quot;:&quot;1&quot;,&quot;spinner&quot;:&quot;default&quot;,&quot;spinner_image&quot;:&quot;https:\/\/kienthucxaydung.vn\/thuvien\/wp-content\/plugins\/wp-views\/embedded\/res\/img\/ajax-loader.gif&quot;,&quot;callback_next&quot;:&quot;&quot;,&quot;manage_history&quot;:&quot;on&quot;,&quot;has_controls_in_form&quot;:&quot;on&quot;,&quot;tolerance&quot;:&quot;0&quot;,&quot;max_pages&quot;:1,&quot;page&quot;:1}\" data-pagepermalink=\"\/thuvien\/wp-json\/wp\/v2\/pages\/29?wpv_view_count=25-TCPID29\">\n\n\t\n\t\n\t<ul class=\"vanban\">\n\t\t\n\t\t\t<li><div class=\"content-0\">\n   <div class=\"left-col\">\n        <div class=\"nq\">\n         <h4 class=\"nqTitle\"><a href=\"https:\/\/kienthucxaydung.vn\/thuvien\/van-ban\/thong-tu-092016tt-bxd-huong-dan-hop-dong-thi-cong-xay-dung\/\">Th\u00f4ng t\u01b0 09\/2016\/TT-BXD h\u01b0\u1edbng d\u1eabn h\u1ee3p \u0111\u1ed3ng thi c\u00f4ng x\u00e2y d\u1ef1ng<\/a><\/h4>\n          <p class=\"links-bot\">\n           <span style=\"color: #000\">S\u1ed1 hi\u1ec7u: <\/span>09\/2016\/TT-BXD |\n           <span style=\"color: #000\">Ng\u00e0y hi\u1ec7u l\u1ef1c: <\/span>01\/05\/2016 |\n           <span style=\"color: #000\">L\u0129nh v\u1ef1c: <\/span><a href=\"https:\/\/kienthucxaydung.vn\/thuvien\/linh-vuc\/hoat-dong-xay-dung\/\">Ho\u1ea1t \u0111\u1ed9ng x\u00e2y d\u1ef1ng<\/a>, <a href=\"https:\/\/kienthucxaydung.vn\/thuvien\/linh-vuc\/to-chuc-doanh-nghiep\/\">T\u1ed5 ch\u1ee9c - Doanh nghi\u1ec7p<\/a> |             \n          <\/p>\n        <\/div>\n   <\/div>\n   <div class=\"right-col\">\n         <p><span style=\"color: #000\">Ban h\u00e0nh: <\/span>10\/03\/2016<\/p>\n         <p><span style=\"color:#000\">Danh m\u1ee5c: <\/span><a href=\"https:\/\/kienthucxaydung.vn\/thuvien\/danh-muc\/thong-tu\/\">Th\u00f4ng T\u01b0<\/a><\/p>\n                \n    <\/div>\n<\/div><\/li>\n\t\t\n\t\t\t<li><div class=\"content-0\">\n   <div class=\"left-col\">\n        <div class=\"nq\">\n         <h4 class=\"nqTitle\"><a href=\"https:\/\/kienthucxaydung.vn\/thuvien\/van-ban\/thong-tu-082016tt-bxd-huong-dan-hop-dong-tu-van-xay-dung\/\">Th\u00f4ng t\u01b0 08\/2016\/TT-BXD h\u01b0\u1edbng d\u1eabn h\u1ee3p \u0111\u1ed3ng t\u01b0 v\u1ea5n x\u00e2y d\u1ef1ng<\/a><\/h4>\n          <p class=\"links-bot\">\n           <span style=\"color: #000\">S\u1ed1 hi\u1ec7u: <\/span>08\/2016\/TT-BXD |\n           <span style=\"color: #000\">Ng\u00e0y hi\u1ec7u l\u1ef1c: <\/span>01\/05\/2016 |\n           <span style=\"color: #000\">L\u0129nh v\u1ef1c: <\/span><a href=\"https:\/\/kienthucxaydung.vn\/thuvien\/linh-vuc\/hoat-dong-xay-dung\/\">Ho\u1ea1t \u0111\u1ed9ng x\u00e2y d\u1ef1ng<\/a>, <a href=\"https:\/\/kienthucxaydung.vn\/thuvien\/linh-vuc\/to-chuc-doanh-nghiep\/\">T\u1ed5 ch\u1ee9c - Doanh nghi\u1ec7p<\/a> |             \n          <\/p>\n        <\/div>\n   <\/div>\n   <div class=\"right-col\">\n         <p><span style=\"color: #000\">Ban h\u00e0nh: <\/span>10\/03\/2016<\/p>\n         <p><span style=\"color:#000\">Danh m\u1ee5c: <\/span><a href=\"https:\/\/kienthucxaydung.vn\/thuvien\/danh-muc\/thong-tu\/\">Th\u00f4ng T\u01b0<\/a><\/p>\n                \n    <\/div>\n<\/div><\/li>\n\t\t\n\t\t\t<li><div class=\"content-0\">\n   <div class=\"left-col\">\n        <div class=\"nq\">\n         <h4 class=\"nqTitle\"><a href=\"https:\/\/kienthucxaydung.vn\/thuvien\/van-ban\/592015nd-cp-nghi-dinh-ve-quan-ly-du-an-dau-tu-xay-dung\/\">Ngh\u1ecb \u0111\u1ecbnh 59\/2015\/N\u0110-CP  v\u1ec1 qu\u1ea3n l\u00fd d\u1ef1 \u00e1n \u0111\u1ea7u t\u01b0 x\u00e2y d\u1ef1ng<\/a><\/h4>\n          <p class=\"links-bot\">\n           <span style=\"color: #000\">S\u1ed1 hi\u1ec7u: <\/span>59\/2015\/N\u0110-CP |\n           <span style=\"color: #000\">Ng\u00e0y hi\u1ec7u l\u1ef1c: <\/span>05\/08\/2015 |\n           <span style=\"color: #000\">L\u0129nh v\u1ef1c: <\/span><a href=\"https:\/\/kienthucxaydung.vn\/thuvien\/linh-vuc\/giao-thong-van-tai\/\">Giao th\u00f4ng v\u1eadn t\u1ea3i<\/a>, <a href=\"https:\/\/kienthucxaydung.vn\/thuvien\/linh-vuc\/hoat-dong-xay-dung\/\">Ho\u1ea1t \u0111\u1ed9ng x\u00e2y d\u1ef1ng<\/a>, <a href=\"https:\/\/kienthucxaydung.vn\/thuvien\/linh-vuc\/ha-tang-do-thi\/\">H\u1ea1 t\u1ea7ng \u0111\u00f4 th\u1ecb<\/a>, <a href=\"https:\/\/kienthucxaydung.vn\/thuvien\/linh-vuc\/ke-hoach-dau-tu\/\">K\u1ebf ho\u1ea1ch - \u0110\u1ea7u t\u01b0<\/a>, <a href=\"https:\/\/kienthucxaydung.vn\/thuvien\/linh-vuc\/quy-chuan-tieu-chuan\/\">Quy chu\u1ea9n - Ti\u00eau chu\u1ea9n<\/a>, <a href=\"https:\/\/kienthucxaydung.vn\/thuvien\/linh-vuc\/vat-lieu-xay-dung\/\">V\u1eadt li\u1ec7u x\u00e2y d\u1ef1ng<\/a>, <a href=\"https:\/\/kienthucxaydung.vn\/thuvien\/linh-vuc\/xay-dung-dan-dung\/\">X\u00e2y d\u1ef1ng d\u00e2n d\u1ee5ng<\/a> |             \n          <\/p>\n        <\/div>\n   <\/div>\n   <div class=\"right-col\">\n         <p><span style=\"color: #000\">Ban h\u00e0nh: <\/span>18\/06\/2015<\/p>\n         <p><span style=\"color:#000\">Danh m\u1ee5c: <\/span><a href=\"https:\/\/kienthucxaydung.vn\/thuvien\/danh-muc\/nghi-dinh\/\">Ngh\u1ecb \u0110\u1ecbnh<\/a><\/p>\n                \n    <\/div>\n<\/div><\/li>\n\t\t\n\t\t\t<li><div class=\"content-0\">\n   <div class=\"left-col\">\n        <div class=\"nq\">\n         <h4 class=\"nqTitle\"><a href=\"https:\/\/kienthucxaydung.vn\/thuvien\/van-ban\/462015nd-cp-nghi-dinh-ve-quan-ly-chat-luong-va-bao-tri-cong-trinh-xay-dung-2\/\">Ngh\u1ecb \u0111\u1ecbnh 46\/2015\/N\u0110-CP v\u1ec1 qu\u1ea3n l\u00fd ch\u1ea5t l\u01b0\u1ee3ng v\u00e0 b\u1ea3o tr\u00ec c\u00f4ng tr\u00ecnh x\u00e2y d\u1ef1ng<\/a><\/h4>\n          <p class=\"links-bot\">\n           <span style=\"color: #000\">S\u1ed1 hi\u1ec7u: <\/span>46\/2015\/N\u0110-CP |\n           <span style=\"color: #000\">Ng\u00e0y hi\u1ec7u l\u1ef1c: <\/span>12\/05\/2015 |\n           <span style=\"color: #000\">L\u0129nh v\u1ef1c: <\/span><a href=\"https:\/\/kienthucxaydung.vn\/thuvien\/linh-vuc\/giao-thong-van-tai\/\">Giao th\u00f4ng v\u1eadn t\u1ea3i<\/a>, <a href=\"https:\/\/kienthucxaydung.vn\/thuvien\/linh-vuc\/hoat-dong-xay-dung\/\">Ho\u1ea1t \u0111\u1ed9ng x\u00e2y d\u1ef1ng<\/a>, <a href=\"https:\/\/kienthucxaydung.vn\/thuvien\/linh-vuc\/ha-tang-do-thi\/\">H\u1ea1 t\u1ea7ng \u0111\u00f4 th\u1ecb<\/a>, <a href=\"https:\/\/kienthucxaydung.vn\/thuvien\/linh-vuc\/quy-chuan-tieu-chuan\/\">Quy chu\u1ea9n - Ti\u00eau chu\u1ea9n<\/a>, <a href=\"https:\/\/kienthucxaydung.vn\/thuvien\/linh-vuc\/vat-lieu-xay-dung\/\">V\u1eadt li\u1ec7u x\u00e2y d\u1ef1ng<\/a>, <a href=\"https:\/\/kienthucxaydung.vn\/thuvien\/linh-vuc\/xay-dung-dan-dung\/\">X\u00e2y d\u1ef1ng d\u00e2n d\u1ee5ng<\/a> |             \n          <\/p>\n        <\/div>\n   <\/div>\n   <div class=\"right-col\">\n         <p><span style=\"color: #000\">Ban h\u00e0nh: <\/span><\/p>\n         <p><span style=\"color:#000\">Danh m\u1ee5c: <\/span><a href=\"https:\/\/kienthucxaydung.vn\/thuvien\/danh-muc\/nghi-dinh\/\">Ngh\u1ecb \u0110\u1ecbnh<\/a><\/p>\n                \n    <\/div>\n<\/div><\/li>\n\t\t\n\t\t\t<li><div class=\"content-0\">\n   <div class=\"left-col\">\n        <div class=\"nq\">\n         <h4 class=\"nqTitle\"><a href=\"https:\/\/kienthucxaydung.vn\/thuvien\/van-ban\/632014nd-cp-qui-dinh-chi-tiet-mot-so-dieu-cua-luat-dau-thau-ve-lua-chon-nha-thau\/\">Ngh\u1ecb \u0111\u1ecbnh 63\/2014\/N\u0110-CP qui \u0111\u1ecbnh chi ti\u1ebft m\u1ed9t s\u1ed1 \u0111i\u1ec1u c\u1ee7a lu\u1eadt \u0111\u1ea5u th\u1ea7u v\u1ec1 l\u1ef1a ch\u1ecdn nh\u00e0 th\u1ea7u<\/a><\/h4>\n          <p class=\"links-bot\">\n           <span style=\"color: #000\">S\u1ed1 hi\u1ec7u: <\/span>63\/2014\/N\u0110-CP |\n           <span style=\"color: #000\">Ng\u00e0y hi\u1ec7u l\u1ef1c: <\/span>26\/06\/2014 |\n           <span style=\"color: #000\">L\u0129nh v\u1ef1c: <\/span><a href=\"https:\/\/kienthucxaydung.vn\/thuvien\/linh-vuc\/giao-thong-van-tai\/\">Giao th\u00f4ng v\u1eadn t\u1ea3i<\/a>, <a href=\"https:\/\/kienthucxaydung.vn\/thuvien\/linh-vuc\/hoat-dong-xay-dung\/\">Ho\u1ea1t \u0111\u1ed9ng x\u00e2y d\u1ef1ng<\/a>, <a href=\"https:\/\/kienthucxaydung.vn\/thuvien\/linh-vuc\/ha-tang-do-thi\/\">H\u1ea1 t\u1ea7ng \u0111\u00f4 th\u1ecb<\/a>, <a href=\"https:\/\/kienthucxaydung.vn\/thuvien\/linh-vuc\/ke-hoach-dau-tu\/\">K\u1ebf ho\u1ea1ch - \u0110\u1ea7u t\u01b0<\/a>, <a href=\"https:\/\/kienthucxaydung.vn\/thuvien\/linh-vuc\/to-chuc-doanh-nghiep\/\">T\u1ed5 ch\u1ee9c - Doanh nghi\u1ec7p<\/a>, <a href=\"https:\/\/kienthucxaydung.vn\/thuvien\/linh-vuc\/xay-dung-dan-dung\/\">X\u00e2y d\u1ef1ng d\u00e2n d\u1ee5ng<\/a> |             \n          <\/p>\n        <\/div>\n   <\/div>\n   <div class=\"right-col\">\n         <p><span style=\"color: #000\">Ban h\u00e0nh: <\/span><\/p>\n         <p><span style=\"color:#000\">Danh m\u1ee5c: <\/span><a href=\"https:\/\/kienthucxaydung.vn\/thuvien\/danh-muc\/nghi-dinh\/\">Ngh\u1ecb \u0110\u1ecbnh<\/a><\/p>\n                \n    <\/div>\n<\/div><\/li>\n\t\t\n\t\t\t<li><div class=\"content-0\">\n   <div class=\"left-col\">\n        <div class=\"nq\">\n         <h4 class=\"nqTitle\"><a href=\"https:\/\/kienthucxaydung.vn\/thuvien\/van-ban\/50_2014_qh13_-luat-xay-dung\/\">Lu\u1eadt x\u00e2y d\u1ef1ng 2014<\/a><\/h4>\n          <p class=\"links-bot\">\n           <span style=\"color: #000\">S\u1ed1 hi\u1ec7u: <\/span>50\/2014\/QH13 |\n           <span style=\"color: #000\">Ng\u00e0y hi\u1ec7u l\u1ef1c: <\/span>18\/06\/2014 |\n           <span style=\"color: #000\">L\u0129nh v\u1ef1c: <\/span><a href=\"https:\/\/kienthucxaydung.vn\/thuvien\/linh-vuc\/giao-thong-van-tai\/\">Giao th\u00f4ng v\u1eadn t\u1ea3i<\/a>, <a href=\"https:\/\/kienthucxaydung.vn\/thuvien\/linh-vuc\/hoat-dong-xay-dung\/\">Ho\u1ea1t \u0111\u1ed9ng x\u00e2y d\u1ef1ng<\/a>, <a href=\"https:\/\/kienthucxaydung.vn\/thuvien\/linh-vuc\/ha-tang-do-thi\/\">H\u1ea1 t\u1ea7ng \u0111\u00f4 th\u1ecb<\/a>, <a href=\"https:\/\/kienthucxaydung.vn\/thuvien\/linh-vuc\/quy-chuan-tieu-chuan\/\">Quy chu\u1ea9n - Ti\u00eau chu\u1ea9n<\/a>, <a href=\"https:\/\/kienthucxaydung.vn\/thuvien\/linh-vuc\/xay-dung-dan-dung\/\">X\u00e2y d\u1ef1ng d\u00e2n d\u1ee5ng<\/a>, <a href=\"https:\/\/kienthucxaydung.vn\/thuvien\/linh-vuc\/dat-dai-nha-o\/\">\u0110\u1ea5t \u0111ai - Nh\u00e0 \u1edf<\/a> |             \n          <\/p>\n        <\/div>\n   <\/div>\n   <div class=\"right-col\">\n         <p><span style=\"color: #000\">Ban h\u00e0nh: <\/span><\/p>\n         <p><span style=\"color:#000\">Danh m\u1ee5c: <\/span><a href=\"https:\/\/kienthucxaydung.vn\/thuvien\/danh-muc\/luat-phap-lenh\/\">Lu\u1eadt - Ph\u00e1p l\u1ec7nh<\/a><\/p>\n                \n    <\/div>\n<\/div><\/li>\n\t\t\n\t\t\t<li><div class=\"content-0\">\n   <div class=\"left-col\">\n        <div class=\"nq\">\n         <h4 class=\"nqTitle\"><a href=\"https:\/\/kienthucxaydung.vn\/thuvien\/van-ban\/432013qh13-luat-dau-thau\/\">Lu\u1eadt \u0111\u1ea5u th\u1ea7u 2013<\/a><\/h4>\n          <p class=\"links-bot\">\n           <span style=\"color: #000\">S\u1ed1 hi\u1ec7u: <\/span>43\/2013\/QH13 |\n           <span style=\"color: #000\">Ng\u00e0y hi\u1ec7u l\u1ef1c: <\/span>26\/11\/2013 |\n           <span style=\"color: #000\">L\u0129nh v\u1ef1c: <\/span><a href=\"https:\/\/kienthucxaydung.vn\/thuvien\/linh-vuc\/giao-thong-van-tai\/\">Giao th\u00f4ng v\u1eadn t\u1ea3i<\/a>, <a href=\"https:\/\/kienthucxaydung.vn\/thuvien\/linh-vuc\/hoat-dong-xay-dung\/\">Ho\u1ea1t \u0111\u1ed9ng x\u00e2y d\u1ef1ng<\/a>, <a href=\"https:\/\/kienthucxaydung.vn\/thuvien\/linh-vuc\/ha-tang-do-thi\/\">H\u1ea1 t\u1ea7ng \u0111\u00f4 th\u1ecb<\/a>, <a href=\"https:\/\/kienthucxaydung.vn\/thuvien\/linh-vuc\/ke-hoach-dau-tu\/\">K\u1ebf ho\u1ea1ch - \u0110\u1ea7u t\u01b0<\/a>, <a href=\"https:\/\/kienthucxaydung.vn\/thuvien\/linh-vuc\/tai-chinh-ngan-hang\/\">T\u00e0i ch\u00ednh - Ng\u00e2n h\u00e0ng<\/a>, <a href=\"https:\/\/kienthucxaydung.vn\/thuvien\/linh-vuc\/xay-dung-dan-dung\/\">X\u00e2y d\u1ef1ng d\u00e2n d\u1ee5ng<\/a>, <a href=\"https:\/\/kienthucxaydung.vn\/thuvien\/linh-vuc\/dat-dai-nha-o\/\">\u0110\u1ea5t \u0111ai - Nh\u00e0 \u1edf<\/a> |             \n          <\/p>\n        <\/div>\n   <\/div>\n   <div class=\"right-col\">\n         <p><span style=\"color: #000\">Ban h\u00e0nh: <\/span>26\/11\/2013<\/p>\n         <p><span style=\"color:#000\">Danh m\u1ee5c: <\/span><a href=\"https:\/\/kienthucxaydung.vn\/thuvien\/danh-muc\/luat-phap-lenh\/\">Lu\u1eadt - Ph\u00e1p l\u1ec7nh<\/a><\/p>\n                \n    <\/div>\n<\/div><\/li>\n\t\t\n\t<\/ul>\n\t\n\t\n\t\n<\/div>\n\n","protected":false},"excerpt":{"rendered":"","protected":false},"author":1,"featured_media":0,"parent":0,"menu_order":0,"comment_status":"closed","ping_status":"closed","template":"","meta":[],"_links":{"self":[{"href":"https:\/\/kienthucxaydung.vn\/thuvien\/wp-json\/wp\/v2\/pages\/29"}],"collection":[{"href":"https:\/\/kienthucxaydung.vn\/thuvien\/wp-json\/wp\/v2\/pages"}],"about":[{"href":"https:\/\/kienthucxaydung.vn\/thuvien\/wp-json\/wp\/v2\/types\/page"}],"author":[{"embeddable":true,"href":"https:\/\/kienthucxaydung.vn\/thuvien\/wp-json\/wp\/v2\/users\/1"}],"replies":[{"embeddable":true,"href":"https:\/\/kienthucxaydung.vn\/thuvien\/wp-json\/wp\/v2\/comments?post=29"}],"version-history":[{"count":11,"href":"https:\/\/kienthucxaydung.vn\/thuvien\/wp-json\/wp\/v2\/pages\/29\/revisions"}],"predecessor-version":[{"id":321,"href":"https:\/\/kienthucxaydung.vn\/thuvien\/wp-json\/wp\/v2\/pages\/29\/revisions\/321"}],"wp:attachment":[{"href":"https:\/\/kienthucxaydung.vn\/thuvien\/wp-json\/wp\/v2\/media?parent=29"}],"curies":[{"name":"wp","href":"https:\/\/api.w.org\/{rel}","templated":true}]}}